{"id":91,"date":"2015-01-25T18:13:40","date_gmt":"2015-01-25T18:13:40","guid":{"rendered":"http:\/\/fliesen-meseberg.de\/?page_id=91"},"modified":"2023-01-13T10:33:49","modified_gmt":"2023-01-13T10:33:49","slug":"impressum","status":"publish","type":"page","link":"https:\/\/fliesen-meseberg.de\/?page_id=91","title":{"rendered":"Impressum"},"content":{"rendered":"<p>F\u00fcr den Inhalt verantwortlich<\/p>\n<p><strong>Firmensitz\/ Adresse<\/strong><br \/>\nHauptstra\u00dfe 58<br \/>\n74376 Gemmrigheim<br \/>\nTel.: 07143\/966347<br \/>\nFax: 07143\/966348&nbsp;<br \/>\nE-Mail: kontakt@fliesen-meseberg.de<\/p>\n<p><strong>Berufsrechtliche Regelungen<\/strong><br \/>\nInhaber: Marcus Meseberg<\/p>\n<p><strong>Zust\u00e4ndige Handwerkskammer<\/strong><br \/>\nHandwerkskammer Region Stuttgart<br \/>\nHeilbronnerstra\u00dfe 43&nbsp;<br \/>\n70191 Stuttgart<\/p>\n<p><strong>Umsatzsteuer-Identifikationsnummer<\/strong><br \/>\nDE 357308668<\/p>\n<p><strong>Haftungsausschluss<\/strong><br \/>\nTrotz sorgf\u00e4ltiger Pr\u00fcfung k\u00f6nnen wir keine Haftung f\u00fcr die Inhalte externer Links \u00fcbernehmen. F\u00fcr den Inhalt diese Seiten sind ausschlie\u00dflich deren Betreiber verantwortlich.<\/p>\n<p>&nbsp;<\/p>\n<p><strong>Datenschutz <\/strong><\/p>\n<p>Die Betreiber dieser Seiten nehmen den Schutz Ihrer pers\u00f6nlichen Daten sehr ernst. Wir behandeln Ihre personenbezogenen Daten vertraulich und entsprechend der gesetzlichen Datenschutzvorschriften sowie dieser Datenschutzerkl\u00e4rung.<\/p>\n<p>Die Nutzung unserer Webseite ist in der Regel ohne Angabe personenbezogener Daten m\u00f6glich. Soweit auf unseren Seiten personenbezogene Daten (beispielsweise Name, Anschrift oder E-Mail-Adressen) erhoben werden, erfolgt dies, soweit m\u00f6glich, stets auf freiwilliger Basis. Diese Daten werden ohne Ihre ausdr\u00fcckliche Zustimmung nicht an Dritte weitergegeben.<\/p>\n<p>Wir weisen darauf hin, dass die Daten\u00fcbertragung im Internet (z.B. bei der Kommunikation per E-Mail) Sicherheitsl\u00fccken aufweisen kann. Ein l\u00fcckenloser Schutz der Daten vor dem Zugriff durch Dritte ist nicht m\u00f6glich.-<\/p>\n<p><strong><a href=\"https:\/\/fliesen-meseberg.de\/?page_id=368\">sh. auch<\/a><\/strong><br \/>\n<strong> &nbsp;<\/strong><br \/>\n<strong>Kontaktformular<\/strong><\/p>\n<p>Wenn Sie uns per Kontaktformular Anfragen zukommen lassen, werden Ihre Angaben aus dem Anfrageformular inklusive der von Ihnen dort angegebenen Kontaktdaten zwecks Bearbeitung der Anfrage und f\u00fcr den Fall von Anschlussfragen bei uns gespeichert. Diese Daten geben wir nicht ohne Ihre Einwilligung weiter.<\/p>\n<p><strong><a href=\"https:\/\/fliesen-meseberg.de\/?page_id=368\">sh. auch<\/a><\/strong><br \/>\n&nbsp;<\/p>\n<p>Quellverweis: <a href=\"https:\/\/www.e-recht24.de\" target=\"_blank\" rel=\"noopener\">https:\/\/www.e-recht24.de<\/a><\/p>\n<p>&nbsp;<\/p>\n<p>Webdesign <a href=\"https:\/\/www.christiane-klein.de\" target=\"_blank\" rel=\"noopener\">klein.multimediadesign Ludwigsburg<\/a><\/p>\n","protected":false},"excerpt":{"rendered":"<p>F\u00fcr den Inhalt verantwortlich Firmensitz\/ Adresse Hauptstra\u00dfe 58 74376 Gemmrigheim Tel.: 07143\/966347 Fax: 07143\/966348&nbsp; E-Mail: kontakt@fliesen-meseberg.de Berufsrechtliche Regelungen Inhaber: Marcus Meseberg Zust\u00e4ndige Handwerkskammer Handwerkskammer Region Stuttgart Heilbronnerstra\u00dfe 43&nbsp; 70191 Stuttgart Umsatzsteuer-Identifikationsnummer DE 357308668 Haftungsausschluss Trotz sorgf\u00e4ltiger Pr\u00fcfung k\u00f6nnen wir keine&#8230;<br \/><a class=\"read-more-button\" href=\"https:\/\/fliesen-meseberg.de\/?page_id=91\">Read more<\/a><\/p>\n","protected":false},"author":1,"featured_media":0,"parent":0,"menu_order":0,"comment_status":"closed","ping_status":"closed","template":"","meta":{"ngg_post_thumbnail":0,"footnotes":""},"class_list":["post-91","page","type-page","status-publish","hentry"],"yoast_head":"<!-- This site is optimized with the Yoast SEO plugin v27.4 - https:\/\/yoast.com\/product\/yoast-seo-wordpress\/ -->\n<title>Impressum | Fliesen Meseberg<\/title>\n<meta name=\"robots\" content=\"index, follow, max-snippet:-1, max-image-preview:large, max-video-preview:-1\" \/>\n<link rel=\"canonical\" href=\"https:\/\/fliesen-meseberg.de\/?page_id=91\" \/>\n<meta property=\"og:locale\" content=\"de_DE\" \/>\n<meta property=\"og:type\" content=\"article\" \/>\n<meta property=\"og:title\" content=\"Impressum | Fliesen Meseberg\" \/>\n<meta property=\"og:description\" content=\"F\u00fcr den Inhalt verantwortlich Firmensitz\/ Adresse Hauptstra\u00dfe 58 74376 Gemmrigheim Tel.: 07143\/966347 Fax: 07143\/966348&nbsp; E-Mail: kontakt@fliesen-meseberg.de Berufsrechtliche Regelungen Inhaber: Marcus Meseberg Zust\u00e4ndige Handwerkskammer Handwerkskammer Region Stuttgart Heilbronnerstra\u00dfe 43&nbsp; 70191 Stuttgart Umsatzsteuer-Identifikationsnummer DE 357308668 Haftungsausschluss Trotz sorgf\u00e4ltiger Pr\u00fcfung k\u00f6nnen wir keine...Read more\" \/>\n<meta property=\"og:url\" content=\"https:\/\/fliesen-meseberg.de\/?page_id=91\" \/>\n<meta property=\"og:site_name\" content=\"Fliesen Meseberg\" \/>\n<meta property=\"article:publisher\" content=\"https:\/\/www.facebook.com\/fliesenmeseberg\" \/>\n<meta property=\"article:modified_time\" content=\"2023-01-13T10:33:49+00:00\" \/>\n<meta name=\"twitter:label1\" content=\"Gesch\u00e4tzte Lesezeit\" \/>\n\t<meta name=\"twitter:data1\" content=\"1\u00a0Minute\" \/>\n<script type=\"application\/ld+json\" class=\"yoast-schema-graph\">{\"@context\":\"https:\\\/\\\/schema.org\",\"@graph\":[{\"@type\":\"WebPage\",\"@id\":\"https:\\\/\\\/fliesen-meseberg.de\\\/?page_id=91\",\"url\":\"https:\\\/\\\/fliesen-meseberg.de\\\/?page_id=91\",\"name\":\"Impressum | Fliesen Meseberg\",\"isPartOf\":{\"@id\":\"https:\\\/\\\/fliesen-meseberg.de\\\/#website\"},\"datePublished\":\"2015-01-25T18:13:40+00:00\",\"dateModified\":\"2023-01-13T10:33:49+00:00\",\"breadcrumb\":{\"@id\":\"https:\\\/\\\/fliesen-meseberg.de\\\/?page_id=91#breadcrumb\"},\"inLanguage\":\"de\",\"potentialAction\":[{\"@type\":\"ReadAction\",\"target\":[\"https:\\\/\\\/fliesen-meseberg.de\\\/?page_id=91\"]}]},{\"@type\":\"BreadcrumbList\",\"@id\":\"https:\\\/\\\/fliesen-meseberg.de\\\/?page_id=91#breadcrumb\",\"itemListElement\":[{\"@type\":\"ListItem\",\"position\":1,\"name\":\"Home\",\"item\":\"https:\\\/\\\/fliesen-meseberg.de\\\/\"},{\"@type\":\"ListItem\",\"position\":2,\"name\":\"Impressum\"}]},{\"@type\":\"WebSite\",\"@id\":\"https:\\\/\\\/fliesen-meseberg.de\\\/#website\",\"url\":\"https:\\\/\\\/fliesen-meseberg.de\\\/\",\"name\":\"Fliesen Meseberg\",\"description\":\"Ihr Fliesenlegerbetrieb mit spezialisiertem Fachpersonal\",\"publisher\":{\"@id\":\"https:\\\/\\\/fliesen-meseberg.de\\\/#organization\"},\"potentialAction\":[{\"@type\":\"SearchAction\",\"target\":{\"@type\":\"EntryPoint\",\"urlTemplate\":\"https:\\\/\\\/fliesen-meseberg.de\\\/?s={search_term_string}\"},\"query-input\":{\"@type\":\"PropertyValueSpecification\",\"valueRequired\":true,\"valueName\":\"search_term_string\"}}],\"inLanguage\":\"de\"},{\"@type\":\"Organization\",\"@id\":\"https:\\\/\\\/fliesen-meseberg.de\\\/#organization\",\"name\":\"Fliesen Meseberg\",\"url\":\"https:\\\/\\\/fliesen-meseberg.de\\\/\",\"logo\":{\"@type\":\"ImageObject\",\"inLanguage\":\"de\",\"@id\":\"https:\\\/\\\/fliesen-meseberg.de\\\/#\\\/schema\\\/logo\\\/image\\\/\",\"url\":\"https:\\\/\\\/fliesen-meseberg.de\\\/wp-content\\\/uploads\\\/2018\\\/04\\\/stern.jpg\",\"contentUrl\":\"https:\\\/\\\/fliesen-meseberg.de\\\/wp-content\\\/uploads\\\/2018\\\/04\\\/stern.jpg\",\"width\":338,\"height\":321,\"caption\":\"Fliesen Meseberg\"},\"image\":{\"@id\":\"https:\\\/\\\/fliesen-meseberg.de\\\/#\\\/schema\\\/logo\\\/image\\\/\"},\"sameAs\":[\"https:\\\/\\\/www.facebook.com\\\/fliesenmeseberg\"]}]}<\/script>\n<!-- \/ Yoast SEO plugin. -->","yoast_head_json":{"title":"Impressum | Fliesen Meseberg","robots":{"index":"index","follow":"follow","max-snippet":"max-snippet:-1","max-image-preview":"max-image-preview:large","max-video-preview":"max-video-preview:-1"},"canonical":"https:\/\/fliesen-meseberg.de\/?page_id=91","og_locale":"de_DE","og_type":"article","og_title":"Impressum | Fliesen Meseberg","og_description":"F\u00fcr den Inhalt verantwortlich Firmensitz\/ Adresse Hauptstra\u00dfe 58 74376 Gemmrigheim Tel.: 07143\/966347 Fax: 07143\/966348&nbsp; E-Mail: kontakt@fliesen-meseberg.de Berufsrechtliche Regelungen Inhaber: Marcus Meseberg Zust\u00e4ndige Handwerkskammer Handwerkskammer Region Stuttgart Heilbronnerstra\u00dfe 43&nbsp; 70191 Stuttgart Umsatzsteuer-Identifikationsnummer DE 357308668 Haftungsausschluss Trotz sorgf\u00e4ltiger Pr\u00fcfung k\u00f6nnen wir keine...Read more","og_url":"https:\/\/fliesen-meseberg.de\/?page_id=91","og_site_name":"Fliesen Meseberg","article_publisher":"https:\/\/www.facebook.com\/fliesenmeseberg","article_modified_time":"2023-01-13T10:33:49+00:00","twitter_misc":{"Gesch\u00e4tzte Lesezeit":"1\u00a0Minute"},"schema":{"@context":"https:\/\/schema.org","@graph":[{"@type":"WebPage","@id":"https:\/\/fliesen-meseberg.de\/?page_id=91","url":"https:\/\/fliesen-meseberg.de\/?page_id=91","name":"Impressum | Fliesen Meseberg","isPartOf":{"@id":"https:\/\/fliesen-meseberg.de\/#website"},"datePublished":"2015-01-25T18:13:40+00:00","dateModified":"2023-01-13T10:33:49+00:00","breadcrumb":{"@id":"https:\/\/fliesen-meseberg.de\/?page_id=91#breadcrumb"},"inLanguage":"de","potentialAction":[{"@type":"ReadAction","target":["https:\/\/fliesen-meseberg.de\/?page_id=91"]}]},{"@type":"BreadcrumbList","@id":"https:\/\/fliesen-meseberg.de\/?page_id=91#breadcrumb","itemListElement":[{"@type":"ListItem","position":1,"name":"Home","item":"https:\/\/fliesen-meseberg.de\/"},{"@type":"ListItem","position":2,"name":"Impressum"}]},{"@type":"WebSite","@id":"https:\/\/fliesen-meseberg.de\/#website","url":"https:\/\/fliesen-meseberg.de\/","name":"Fliesen Meseberg","description":"Ihr Fliesenlegerbetrieb mit spezialisiertem Fachpersonal","publisher":{"@id":"https:\/\/fliesen-meseberg.de\/#organization"},"potentialAction":[{"@type":"SearchAction","target":{"@type":"EntryPoint","urlTemplate":"https:\/\/fliesen-meseberg.de\/?s={search_term_string}"},"query-input":{"@type":"PropertyValueSpecification","valueRequired":true,"valueName":"search_term_string"}}],"inLanguage":"de"},{"@type":"Organization","@id":"https:\/\/fliesen-meseberg.de\/#organization","name":"Fliesen Meseberg","url":"https:\/\/fliesen-meseberg.de\/","logo":{"@type":"ImageObject","inLanguage":"de","@id":"https:\/\/fliesen-meseberg.de\/#\/schema\/logo\/image\/","url":"https:\/\/fliesen-meseberg.de\/wp-content\/uploads\/2018\/04\/stern.jpg","contentUrl":"https:\/\/fliesen-meseberg.de\/wp-content\/uploads\/2018\/04\/stern.jpg","width":338,"height":321,"caption":"Fliesen Meseberg"},"image":{"@id":"https:\/\/fliesen-meseberg.de\/#\/schema\/logo\/image\/"},"sameAs":["https:\/\/www.facebook.com\/fliesenmeseberg"]}]}},"_links":{"self":[{"href":"https:\/\/fliesen-meseberg.de\/index.php?rest_route=\/wp\/v2\/pages\/91","targetHints":{"allow":["GET"]}}],"collection":[{"href":"https:\/\/fliesen-meseberg.de\/index.php?rest_route=\/wp\/v2\/pages"}],"about":[{"href":"https:\/\/fliesen-meseberg.de\/index.php?rest_route=\/wp\/v2\/types\/page"}],"author":[{"embeddable":true,"href":"https:\/\/fliesen-meseberg.de\/index.php?rest_route=\/wp\/v2\/users\/1"}],"replies":[{"embeddable":true,"href":"https:\/\/fliesen-meseberg.de\/index.php?rest_route=%2Fwp%2Fv2%2Fcomments&post=91"}],"version-history":[{"count":10,"href":"https:\/\/fliesen-meseberg.de\/index.php?rest_route=\/wp\/v2\/pages\/91\/revisions"}],"predecessor-version":[{"id":689,"href":"https:\/\/fliesen-meseberg.de\/index.php?rest_route=\/wp\/v2\/pages\/91\/revisions\/689"}],"wp:attachment":[{"href":"https:\/\/fliesen-meseberg.de\/index.php?rest_route=%2Fwp%2Fv2%2Fmedia&parent=91"}],"curies":[{"name":"wp","href":"https:\/\/api.w.org\/{rel}","templated":true}]}}