{"id":22,"date":"2015-01-25T15:48:30","date_gmt":"2015-01-25T15:48:30","guid":{"rendered":"http:\/\/fliesen-meseberg.de\/?page_id=22"},"modified":"2025-11-20T18:30:45","modified_gmt":"2025-11-20T18:30:45","slug":"fliesenausstellung","status":"publish","type":"page","link":"https:\/\/fliesen-meseberg.de\/?page_id=22","title":{"rendered":"Fliesenausstellung"},"content":{"rendered":"<p><strong>Sch\u00f6ne Auswahl&nbsp; Tolles Design<\/strong><\/p>\n<p>Bei Fliesen Meseberg&nbsp; erhalten Sie Qualit\u00e4t zu fairen Preisen.<br \/>\nUnd damit bei \u00fcber zweihundert verschiedenen Fliesenbel\u00e4gen die Wahl f\u00fcr Sie nicht zur Qual wird, steht am Anfang jedes Angebots eine individuelle Beratung. Schlie\u00dflich haben die unterschiedlichsten Fliesenarten unterschiedliche Eigenschaften, wie Vor- und Nachteile bez\u00fcglich Strapazierf\u00e4higkeit sowie der Pflege und Eignung f\u00fcr den individuellen Einsatz. Zudem bietet jede Kategorie der Wand- und Bodenbel\u00e4ge viele verschiedene Qualit\u00e4ten und fast unendliche M\u00f6glichkeiten beim Design. Da ist f\u00fcr jeden Geschmack und jeden Geldbeutel etwas dabei.<\/p>\n<p>In unserem Ausstellungsraum bieten wir Ihnen eine&nbsp; Auswahl an Wand-, Boden- und Mosaikfliesen in Steingut, Steinzeug und Feinsteinzeug.<br \/>\nF\u00fcr eine Besichtigung unserer Ausstellung vereinbaren Sie einen Termin mit uns.<\/p>\n<p>&nbsp;<\/p>\nngg_shortcode_0_placeholder\n<blockquote class=\"wp-embedded-content\" data-secret=\"v222HGTxD5\"><p><a href=\"https:\/\/fliesen-meseberg.de\/?page_id=485\">XXL Fliesen  Gro\u00dfformat<\/a><\/p><\/blockquote>\n<p><iframe loading=\"lazy\" class=\"wp-embedded-content\" sandbox=\"allow-scripts\" security=\"restricted\" style=\"position: absolute; visibility: hidden;\" title=\"&#8222;XXL Fliesen  Gro\u00dfformat&#8220; &#8211; Fliesen Meseberg\" src=\"https:\/\/fliesen-meseberg.de\/?page_id=485&#038;embed=true#?secret=cHFKRSjgxR#?secret=v222HGTxD5\" data-secret=\"v222HGTxD5\" width=\"600\" height=\"338\" frameborder=\"0\" marginwidth=\"0\" marginheight=\"0\" scrolling=\"no\"><\/iframe><\/p>\n","protected":false},"excerpt":{"rendered":"<p>Sch\u00f6ne Auswahl&nbsp; Tolles Design Bei Fliesen Meseberg&nbsp; erhalten Sie Qualit\u00e4t zu fairen Preisen. Und damit bei \u00fcber zweihundert verschiedenen Fliesenbel\u00e4gen die Wahl f\u00fcr Sie nicht zur Qual wird, steht am Anfang jedes Angebots eine individuelle Beratung. Schlie\u00dflich haben die unterschiedlichsten&#8230;<br \/><a class=\"read-more-button\" href=\"https:\/\/fliesen-meseberg.de\/?page_id=22\">Read more<\/a><\/p>\n","protected":false},"author":1,"featured_media":0,"parent":0,"menu_order":0,"comment_status":"closed","ping_status":"closed","template":"","meta":{"ngg_post_thumbnail":0,"footnotes":""},"class_list":["post-22","page","type-page","status-publish","hentry"],"yoast_head":"<!-- This site is optimized with the Yoast SEO plugin v27.3 - https:\/\/yoast.com\/product\/yoast-seo-wordpress\/ -->\n<title>Fliesenausstellung in Gemmrigheim - Fliesenleger - Gro\u00dfe Fliesen - Fugenlos<\/title>\n<meta name=\"description\" content=\"Gro\u00dfe Fliesen - Fliesen Meseberg Kleine Auswahl, faire Preise In unserem Ausstellungsraum bieten wir Ihnen eine kleine Auswahl an Wand-, Boden- und Mosaikfliesen in Steingut, Steinzeug und Feinsteinzeug F\u00fcr eine Besichtigung unser Ausstellung vereinbaren Sie einen Termin mit uns.\" \/>\n<meta name=\"robots\" content=\"index, follow, max-snippet:-1, max-image-preview:large, max-video-preview:-1\" \/>\n<link rel=\"canonical\" href=\"https:\/\/fliesen-meseberg.de\/?page_id=22\" \/>\n<meta property=\"og:locale\" content=\"de_DE\" \/>\n<meta property=\"og:type\" content=\"article\" \/>\n<meta property=\"og:title\" content=\"Fliesenausstellung in Gemmrigheim - Fliesenleger - Gro\u00dfe Fliesen - Fugenlos\" \/>\n<meta property=\"og:description\" content=\"Gro\u00dfe Fliesen - Fliesen Meseberg Kleine Auswahl, faire Preise In unserem Ausstellungsraum bieten wir Ihnen eine kleine Auswahl an Wand-, Boden- und Mosaikfliesen in Steingut, Steinzeug und Feinsteinzeug F\u00fcr eine Besichtigung unser Ausstellung vereinbaren Sie einen Termin mit uns.\" \/>\n<meta property=\"og:url\" content=\"https:\/\/fliesen-meseberg.de\/?page_id=22\" \/>\n<meta property=\"og:site_name\" content=\"Fliesen Meseberg\" \/>\n<meta property=\"article:publisher\" content=\"https:\/\/www.facebook.com\/fliesenmeseberg\" \/>\n<meta property=\"article:modified_time\" content=\"2025-11-20T18:30:45+00:00\" \/>\n<meta name=\"twitter:label1\" content=\"Gesch\u00e4tzte Lesezeit\" \/>\n\t<meta name=\"twitter:data1\" content=\"1\u00a0Minute\" \/>\n<script type=\"application\/ld+json\" class=\"yoast-schema-graph\">{\"@context\":\"https:\\\/\\\/schema.org\",\"@graph\":[{\"@type\":\"WebPage\",\"@id\":\"https:\\\/\\\/fliesen-meseberg.de\\\/?page_id=22\",\"url\":\"https:\\\/\\\/fliesen-meseberg.de\\\/?page_id=22\",\"name\":\"Fliesenausstellung in Gemmrigheim - Fliesenleger - Gro\u00dfe Fliesen - Fugenlos\",\"isPartOf\":{\"@id\":\"https:\\\/\\\/fliesen-meseberg.de\\\/#website\"},\"datePublished\":\"2015-01-25T15:48:30+00:00\",\"dateModified\":\"2025-11-20T18:30:45+00:00\",\"description\":\"Gro\u00dfe Fliesen - Fliesen Meseberg Kleine Auswahl, faire Preise In unserem Ausstellungsraum bieten wir Ihnen eine kleine Auswahl an Wand-, Boden- und Mosaikfliesen in Steingut, Steinzeug und Feinsteinzeug F\u00fcr eine Besichtigung unser Ausstellung vereinbaren Sie einen Termin mit uns.\",\"breadcrumb\":{\"@id\":\"https:\\\/\\\/fliesen-meseberg.de\\\/?page_id=22#breadcrumb\"},\"inLanguage\":\"de\",\"potentialAction\":[{\"@type\":\"ReadAction\",\"target\":[\"https:\\\/\\\/fliesen-meseberg.de\\\/?page_id=22\"]}]},{\"@type\":\"BreadcrumbList\",\"@id\":\"https:\\\/\\\/fliesen-meseberg.de\\\/?page_id=22#breadcrumb\",\"itemListElement\":[{\"@type\":\"ListItem\",\"position\":1,\"name\":\"Home\",\"item\":\"https:\\\/\\\/fliesen-meseberg.de\\\/\"},{\"@type\":\"ListItem\",\"position\":2,\"name\":\"Fliesenausstellung\"}]},{\"@type\":\"WebSite\",\"@id\":\"https:\\\/\\\/fliesen-meseberg.de\\\/#website\",\"url\":\"https:\\\/\\\/fliesen-meseberg.de\\\/\",\"name\":\"Fliesen Meseberg\",\"description\":\"Ihr Fliesenlegerbetrieb mit spezialisiertem Fachpersonal\",\"publisher\":{\"@id\":\"https:\\\/\\\/fliesen-meseberg.de\\\/#organization\"},\"potentialAction\":[{\"@type\":\"SearchAction\",\"target\":{\"@type\":\"EntryPoint\",\"urlTemplate\":\"https:\\\/\\\/fliesen-meseberg.de\\\/?s={search_term_string}\"},\"query-input\":{\"@type\":\"PropertyValueSpecification\",\"valueRequired\":true,\"valueName\":\"search_term_string\"}}],\"inLanguage\":\"de\"},{\"@type\":\"Organization\",\"@id\":\"https:\\\/\\\/fliesen-meseberg.de\\\/#organization\",\"name\":\"Fliesen Meseberg\",\"url\":\"https:\\\/\\\/fliesen-meseberg.de\\\/\",\"logo\":{\"@type\":\"ImageObject\",\"inLanguage\":\"de\",\"@id\":\"https:\\\/\\\/fliesen-meseberg.de\\\/#\\\/schema\\\/logo\\\/image\\\/\",\"url\":\"https:\\\/\\\/fliesen-meseberg.de\\\/wp-content\\\/uploads\\\/2018\\\/04\\\/stern.jpg\",\"contentUrl\":\"https:\\\/\\\/fliesen-meseberg.de\\\/wp-content\\\/uploads\\\/2018\\\/04\\\/stern.jpg\",\"width\":338,\"height\":321,\"caption\":\"Fliesen Meseberg\"},\"image\":{\"@id\":\"https:\\\/\\\/fliesen-meseberg.de\\\/#\\\/schema\\\/logo\\\/image\\\/\"},\"sameAs\":[\"https:\\\/\\\/www.facebook.com\\\/fliesenmeseberg\"]}]}<\/script>\n<!-- \/ Yoast SEO plugin. -->","yoast_head_json":{"title":"Fliesenausstellung in Gemmrigheim - Fliesenleger - Gro\u00dfe Fliesen - Fugenlos","description":"Gro\u00dfe Fliesen - Fliesen Meseberg Kleine Auswahl, faire Preise In unserem Ausstellungsraum bieten wir Ihnen eine kleine Auswahl an Wand-, Boden- und Mosaikfliesen in Steingut, Steinzeug und Feinsteinzeug F\u00fcr eine Besichtigung unser Ausstellung vereinbaren Sie einen Termin mit uns.","robots":{"index":"index","follow":"follow","max-snippet":"max-snippet:-1","max-image-preview":"max-image-preview:large","max-video-preview":"max-video-preview:-1"},"canonical":"https:\/\/fliesen-meseberg.de\/?page_id=22","og_locale":"de_DE","og_type":"article","og_title":"Fliesenausstellung in Gemmrigheim - Fliesenleger - Gro\u00dfe Fliesen - Fugenlos","og_description":"Gro\u00dfe Fliesen - Fliesen Meseberg Kleine Auswahl, faire Preise In unserem Ausstellungsraum bieten wir Ihnen eine kleine Auswahl an Wand-, Boden- und Mosaikfliesen in Steingut, Steinzeug und Feinsteinzeug F\u00fcr eine Besichtigung unser Ausstellung vereinbaren Sie einen Termin mit uns.","og_url":"https:\/\/fliesen-meseberg.de\/?page_id=22","og_site_name":"Fliesen Meseberg","article_publisher":"https:\/\/www.facebook.com\/fliesenmeseberg","article_modified_time":"2025-11-20T18:30:45+00:00","twitter_misc":{"Gesch\u00e4tzte Lesezeit":"1\u00a0Minute"},"schema":{"@context":"https:\/\/schema.org","@graph":[{"@type":"WebPage","@id":"https:\/\/fliesen-meseberg.de\/?page_id=22","url":"https:\/\/fliesen-meseberg.de\/?page_id=22","name":"Fliesenausstellung in Gemmrigheim - Fliesenleger - Gro\u00dfe Fliesen - Fugenlos","isPartOf":{"@id":"https:\/\/fliesen-meseberg.de\/#website"},"datePublished":"2015-01-25T15:48:30+00:00","dateModified":"2025-11-20T18:30:45+00:00","description":"Gro\u00dfe Fliesen - Fliesen Meseberg Kleine Auswahl, faire Preise In unserem Ausstellungsraum bieten wir Ihnen eine kleine Auswahl an Wand-, Boden- und Mosaikfliesen in Steingut, Steinzeug und Feinsteinzeug F\u00fcr eine Besichtigung unser Ausstellung vereinbaren Sie einen Termin mit uns.","breadcrumb":{"@id":"https:\/\/fliesen-meseberg.de\/?page_id=22#breadcrumb"},"inLanguage":"de","potentialAction":[{"@type":"ReadAction","target":["https:\/\/fliesen-meseberg.de\/?page_id=22"]}]},{"@type":"BreadcrumbList","@id":"https:\/\/fliesen-meseberg.de\/?page_id=22#breadcrumb","itemListElement":[{"@type":"ListItem","position":1,"name":"Home","item":"https:\/\/fliesen-meseberg.de\/"},{"@type":"ListItem","position":2,"name":"Fliesenausstellung"}]},{"@type":"WebSite","@id":"https:\/\/fliesen-meseberg.de\/#website","url":"https:\/\/fliesen-meseberg.de\/","name":"Fliesen Meseberg","description":"Ihr Fliesenlegerbetrieb mit spezialisiertem Fachpersonal","publisher":{"@id":"https:\/\/fliesen-meseberg.de\/#organization"},"potentialAction":[{"@type":"SearchAction","target":{"@type":"EntryPoint","urlTemplate":"https:\/\/fliesen-meseberg.de\/?s={search_term_string}"},"query-input":{"@type":"PropertyValueSpecification","valueRequired":true,"valueName":"search_term_string"}}],"inLanguage":"de"},{"@type":"Organization","@id":"https:\/\/fliesen-meseberg.de\/#organization","name":"Fliesen Meseberg","url":"https:\/\/fliesen-meseberg.de\/","logo":{"@type":"ImageObject","inLanguage":"de","@id":"https:\/\/fliesen-meseberg.de\/#\/schema\/logo\/image\/","url":"https:\/\/fliesen-meseberg.de\/wp-content\/uploads\/2018\/04\/stern.jpg","contentUrl":"https:\/\/fliesen-meseberg.de\/wp-content\/uploads\/2018\/04\/stern.jpg","width":338,"height":321,"caption":"Fliesen Meseberg"},"image":{"@id":"https:\/\/fliesen-meseberg.de\/#\/schema\/logo\/image\/"},"sameAs":["https:\/\/www.facebook.com\/fliesenmeseberg"]}]}},"_links":{"self":[{"href":"https:\/\/fliesen-meseberg.de\/index.php?rest_route=\/wp\/v2\/pages\/22","targetHints":{"allow":["GET"]}}],"collection":[{"href":"https:\/\/fliesen-meseberg.de\/index.php?rest_route=\/wp\/v2\/pages"}],"about":[{"href":"https:\/\/fliesen-meseberg.de\/index.php?rest_route=\/wp\/v2\/types\/page"}],"author":[{"embeddable":true,"href":"https:\/\/fliesen-meseberg.de\/index.php?rest_route=\/wp\/v2\/users\/1"}],"replies":[{"embeddable":true,"href":"https:\/\/fliesen-meseberg.de\/index.php?rest_route=%2Fwp%2Fv2%2Fcomments&post=22"}],"version-history":[{"count":23,"href":"https:\/\/fliesen-meseberg.de\/index.php?rest_route=\/wp\/v2\/pages\/22\/revisions"}],"predecessor-version":[{"id":816,"href":"https:\/\/fliesen-meseberg.de\/index.php?rest_route=\/wp\/v2\/pages\/22\/revisions\/816"}],"wp:attachment":[{"href":"https:\/\/fliesen-meseberg.de\/index.php?rest_route=%2Fwp%2Fv2%2Fmedia&parent=22"}],"curies":[{"name":"wp","href":"https:\/\/api.w.org\/{rel}","templated":true}]}}