{"id":18,"date":"2015-01-25T15:47:10","date_gmt":"2015-01-25T15:47:10","guid":{"rendered":"http:\/\/fliesen-meseberg.de\/?page_id=18"},"modified":"2025-11-14T13:06:48","modified_gmt":"2025-11-14T13:06:48","slug":"herzlich-willkommen-auf-unserer-homepage","status":"publish","type":"page","link":"https:\/\/fliesen-meseberg.de\/","title":{"rendered":"Herzlich Willkommen auf unserer Homepage"},"content":{"rendered":"<p>&nbsp;<\/p>\n<p>Wir geben Ihnen hier einen kleinen Einblick in unser Unternehmen und m\u00f6chten uns als Familienunternehmen vorstellen.<\/p>\n<p>Wir freuen uns, wenn Ihnen dieser Auftritt gef\u00e4llt, und&nbsp;hoffen, Sie bald als potentiellen Kunden kennen zu lernen.<\/p>\n<p>&nbsp;<\/p>\n<p>Viele Gr\u00fc\u00dfe<\/p>\n<p>Ihr Team von Fliesen Meseberg<\/p>\n<p>&nbsp;<\/p>\n<p><a href=\"https:\/\/fliesen-meseberg.de\/?page_id=485\"><strong>NEU: bei Fliesen Meseberg in Gemmrigheim Verkauf und Verlegung von XXL Fliesen<\/strong><\/a><\/p>\n","protected":false},"excerpt":{"rendered":"<p>&nbsp; Wir geben Ihnen hier einen kleinen Einblick in unser Unternehmen und m\u00f6chten uns als Familienunternehmen vorstellen. Wir freuen uns, wenn Ihnen dieser Auftritt gef\u00e4llt, und&nbsp;hoffen, Sie bald als potentiellen Kunden kennen zu lernen. &nbsp; Viele Gr\u00fc\u00dfe Ihr Team von&#8230;<br \/><a class=\"read-more-button\" href=\"https:\/\/fliesen-meseberg.de\/\">Read more<\/a><\/p>\n","protected":false},"author":1,"featured_media":0,"parent":0,"menu_order":0,"comment_status":"closed","ping_status":"closed","template":"","meta":{"ngg_post_thumbnail":0,"footnotes":""},"class_list":["post-18","page","type-page","status-publish","hentry"],"yoast_head":"<!-- This site is optimized with the Yoast SEO plugin v27.5 - https:\/\/yoast.com\/product\/yoast-seo-wordpress\/ -->\n<title>Spezialisiertes Unternehmen aus Gemmrigheim - Fliesen - Sanierung<\/title>\n<meta name=\"description\" content=\"Fliesen Meseberg GbR in Gemmrigheim ist ein Fliesenlegerbetrieb mit spezialisiertem Fachpersonal. Verkauf und Verlegung von Fliesen. Fliesenausstellung - Besichtigung - Wand und Bodenfliesen - Gro\u00dfe Fliesen - Feinsteinzeug - Gro\u00dfe Auswahl - Guter Preis\" \/>\n<meta name=\"robots\" content=\"index, follow, max-snippet:-1, max-image-preview:large, max-video-preview:-1\" \/>\n<link rel=\"canonical\" href=\"https:\/\/fliesen-meseberg.de\/\" \/>\n<meta property=\"og:locale\" content=\"de_DE\" \/>\n<meta property=\"og:type\" content=\"article\" \/>\n<meta property=\"og:title\" content=\"Spezialisiertes Unternehmen aus Gemmrigheim - Fliesen - Sanierung\" \/>\n<meta property=\"og:description\" content=\"Fliesen Meseberg GbR in Gemmrigheim ist ein Fliesenlegerbetrieb mit spezialisiertem Fachpersonal. Verkauf und Verlegung von Fliesen. Fliesenausstellung - Besichtigung - Wand und Bodenfliesen - Gro\u00dfe Fliesen - Feinsteinzeug - Gro\u00dfe Auswahl - Guter Preis\" \/>\n<meta property=\"og:url\" content=\"https:\/\/fliesen-meseberg.de\/\" \/>\n<meta property=\"og:site_name\" content=\"Fliesen Meseberg\" \/>\n<meta property=\"article:publisher\" content=\"https:\/\/www.facebook.com\/fliesenmeseberg\" \/>\n<meta property=\"article:modified_time\" content=\"2025-11-14T13:06:48+00:00\" \/>\n<meta name=\"twitter:label1\" content=\"Gesch\u00e4tzte Lesezeit\" \/>\n\t<meta name=\"twitter:data1\" content=\"1\u00a0Minute\" \/>\n<script type=\"application\/ld+json\" class=\"yoast-schema-graph\">{\"@context\":\"https:\\\/\\\/schema.org\",\"@graph\":[{\"@type\":\"WebPage\",\"@id\":\"https:\\\/\\\/fliesen-meseberg.de\\\/\",\"url\":\"https:\\\/\\\/fliesen-meseberg.de\\\/\",\"name\":\"Spezialisiertes Unternehmen aus Gemmrigheim - Fliesen - Sanierung\",\"isPartOf\":{\"@id\":\"https:\\\/\\\/fliesen-meseberg.de\\\/#website\"},\"datePublished\":\"2015-01-25T15:47:10+00:00\",\"dateModified\":\"2025-11-14T13:06:48+00:00\",\"description\":\"Fliesen Meseberg GbR in Gemmrigheim ist ein Fliesenlegerbetrieb mit spezialisiertem Fachpersonal. Verkauf und Verlegung von Fliesen. Fliesenausstellung - Besichtigung - Wand und Bodenfliesen - Gro\u00dfe Fliesen - Feinsteinzeug - Gro\u00dfe Auswahl - Guter Preis\",\"breadcrumb\":{\"@id\":\"https:\\\/\\\/fliesen-meseberg.de\\\/#breadcrumb\"},\"inLanguage\":\"de\",\"potentialAction\":[{\"@type\":\"ReadAction\",\"target\":[\"https:\\\/\\\/fliesen-meseberg.de\\\/\"]}]},{\"@type\":\"BreadcrumbList\",\"@id\":\"https:\\\/\\\/fliesen-meseberg.de\\\/#breadcrumb\",\"itemListElement\":[{\"@type\":\"ListItem\",\"position\":1,\"name\":\"Home\",\"item\":\"https:\\\/\\\/fliesen-meseberg.de\\\/\"},{\"@type\":\"ListItem\",\"position\":2,\"name\":\"Herzlich Willkommen auf unserer Homepage\"}]},{\"@type\":\"WebSite\",\"@id\":\"https:\\\/\\\/fliesen-meseberg.de\\\/#website\",\"url\":\"https:\\\/\\\/fliesen-meseberg.de\\\/\",\"name\":\"Fliesen Meseberg\",\"description\":\"Ihr Fliesenlegerbetrieb mit spezialisiertem Fachpersonal\",\"publisher\":{\"@id\":\"https:\\\/\\\/fliesen-meseberg.de\\\/#organization\"},\"potentialAction\":[{\"@type\":\"SearchAction\",\"target\":{\"@type\":\"EntryPoint\",\"urlTemplate\":\"https:\\\/\\\/fliesen-meseberg.de\\\/?s={search_term_string}\"},\"query-input\":{\"@type\":\"PropertyValueSpecification\",\"valueRequired\":true,\"valueName\":\"search_term_string\"}}],\"inLanguage\":\"de\"},{\"@type\":\"Organization\",\"@id\":\"https:\\\/\\\/fliesen-meseberg.de\\\/#organization\",\"name\":\"Fliesen Meseberg\",\"url\":\"https:\\\/\\\/fliesen-meseberg.de\\\/\",\"logo\":{\"@type\":\"ImageObject\",\"inLanguage\":\"de\",\"@id\":\"https:\\\/\\\/fliesen-meseberg.de\\\/#\\\/schema\\\/logo\\\/image\\\/\",\"url\":\"https:\\\/\\\/fliesen-meseberg.de\\\/wp-content\\\/uploads\\\/2018\\\/04\\\/stern.jpg\",\"contentUrl\":\"https:\\\/\\\/fliesen-meseberg.de\\\/wp-content\\\/uploads\\\/2018\\\/04\\\/stern.jpg\",\"width\":338,\"height\":321,\"caption\":\"Fliesen Meseberg\"},\"image\":{\"@id\":\"https:\\\/\\\/fliesen-meseberg.de\\\/#\\\/schema\\\/logo\\\/image\\\/\"},\"sameAs\":[\"https:\\\/\\\/www.facebook.com\\\/fliesenmeseberg\"]}]}<\/script>\n<!-- \/ Yoast SEO plugin. -->","yoast_head_json":{"title":"Spezialisiertes Unternehmen aus Gemmrigheim - Fliesen - Sanierung","description":"Fliesen Meseberg GbR in Gemmrigheim ist ein Fliesenlegerbetrieb mit spezialisiertem Fachpersonal. Verkauf und Verlegung von Fliesen. Fliesenausstellung - Besichtigung - Wand und Bodenfliesen - Gro\u00dfe Fliesen - Feinsteinzeug - Gro\u00dfe Auswahl - Guter Preis","robots":{"index":"index","follow":"follow","max-snippet":"max-snippet:-1","max-image-preview":"max-image-preview:large","max-video-preview":"max-video-preview:-1"},"canonical":"https:\/\/fliesen-meseberg.de\/","og_locale":"de_DE","og_type":"article","og_title":"Spezialisiertes Unternehmen aus Gemmrigheim - Fliesen - Sanierung","og_description":"Fliesen Meseberg GbR in Gemmrigheim ist ein Fliesenlegerbetrieb mit spezialisiertem Fachpersonal. Verkauf und Verlegung von Fliesen. Fliesenausstellung - Besichtigung - Wand und Bodenfliesen - Gro\u00dfe Fliesen - Feinsteinzeug - Gro\u00dfe Auswahl - Guter Preis","og_url":"https:\/\/fliesen-meseberg.de\/","og_site_name":"Fliesen Meseberg","article_publisher":"https:\/\/www.facebook.com\/fliesenmeseberg","article_modified_time":"2025-11-14T13:06:48+00:00","twitter_misc":{"Gesch\u00e4tzte Lesezeit":"1\u00a0Minute"},"schema":{"@context":"https:\/\/schema.org","@graph":[{"@type":"WebPage","@id":"https:\/\/fliesen-meseberg.de\/","url":"https:\/\/fliesen-meseberg.de\/","name":"Spezialisiertes Unternehmen aus Gemmrigheim - Fliesen - Sanierung","isPartOf":{"@id":"https:\/\/fliesen-meseberg.de\/#website"},"datePublished":"2015-01-25T15:47:10+00:00","dateModified":"2025-11-14T13:06:48+00:00","description":"Fliesen Meseberg GbR in Gemmrigheim ist ein Fliesenlegerbetrieb mit spezialisiertem Fachpersonal. Verkauf und Verlegung von Fliesen. Fliesenausstellung - Besichtigung - Wand und Bodenfliesen - Gro\u00dfe Fliesen - Feinsteinzeug - Gro\u00dfe Auswahl - Guter Preis","breadcrumb":{"@id":"https:\/\/fliesen-meseberg.de\/#breadcrumb"},"inLanguage":"de","potentialAction":[{"@type":"ReadAction","target":["https:\/\/fliesen-meseberg.de\/"]}]},{"@type":"BreadcrumbList","@id":"https:\/\/fliesen-meseberg.de\/#breadcrumb","itemListElement":[{"@type":"ListItem","position":1,"name":"Home","item":"https:\/\/fliesen-meseberg.de\/"},{"@type":"ListItem","position":2,"name":"Herzlich Willkommen auf unserer Homepage"}]},{"@type":"WebSite","@id":"https:\/\/fliesen-meseberg.de\/#website","url":"https:\/\/fliesen-meseberg.de\/","name":"Fliesen Meseberg","description":"Ihr Fliesenlegerbetrieb mit spezialisiertem Fachpersonal","publisher":{"@id":"https:\/\/fliesen-meseberg.de\/#organization"},"potentialAction":[{"@type":"SearchAction","target":{"@type":"EntryPoint","urlTemplate":"https:\/\/fliesen-meseberg.de\/?s={search_term_string}"},"query-input":{"@type":"PropertyValueSpecification","valueRequired":true,"valueName":"search_term_string"}}],"inLanguage":"de"},{"@type":"Organization","@id":"https:\/\/fliesen-meseberg.de\/#organization","name":"Fliesen Meseberg","url":"https:\/\/fliesen-meseberg.de\/","logo":{"@type":"ImageObject","inLanguage":"de","@id":"https:\/\/fliesen-meseberg.de\/#\/schema\/logo\/image\/","url":"https:\/\/fliesen-meseberg.de\/wp-content\/uploads\/2018\/04\/stern.jpg","contentUrl":"https:\/\/fliesen-meseberg.de\/wp-content\/uploads\/2018\/04\/stern.jpg","width":338,"height":321,"caption":"Fliesen Meseberg"},"image":{"@id":"https:\/\/fliesen-meseberg.de\/#\/schema\/logo\/image\/"},"sameAs":["https:\/\/www.facebook.com\/fliesenmeseberg"]}]}},"_links":{"self":[{"href":"https:\/\/fliesen-meseberg.de\/index.php?rest_route=\/wp\/v2\/pages\/18","targetHints":{"allow":["GET"]}}],"collection":[{"href":"https:\/\/fliesen-meseberg.de\/index.php?rest_route=\/wp\/v2\/pages"}],"about":[{"href":"https:\/\/fliesen-meseberg.de\/index.php?rest_route=\/wp\/v2\/types\/page"}],"author":[{"embeddable":true,"href":"https:\/\/fliesen-meseberg.de\/index.php?rest_route=\/wp\/v2\/users\/1"}],"replies":[{"embeddable":true,"href":"https:\/\/fliesen-meseberg.de\/index.php?rest_route=%2Fwp%2Fv2%2Fcomments&post=18"}],"version-history":[{"count":17,"href":"https:\/\/fliesen-meseberg.de\/index.php?rest_route=\/wp\/v2\/pages\/18\/revisions"}],"predecessor-version":[{"id":535,"href":"https:\/\/fliesen-meseberg.de\/index.php?rest_route=\/wp\/v2\/pages\/18\/revisions\/535"}],"wp:attachment":[{"href":"https:\/\/fliesen-meseberg.de\/index.php?rest_route=%2Fwp%2Fv2%2Fmedia&parent=18"}],"curies":[{"name":"wp","href":"https:\/\/api.w.org\/{rel}","templated":true}]}}